{"id":12346,"date":"2024-08-12T02:51:58","date_gmt":"2024-08-12T02:51:58","guid":{"rendered":"https:\/\/demo.bravisthemes.com\/kimono\/?page_id=12346"},"modified":"2024-08-12T02:51:58","modified_gmt":"2024-08-12T02:51:58","slug":"overlapping","status":"publish","type":"page","link":"https:\/\/terapiafotograficzna.com\/tr\/overlapping\/","title":{"rendered":"\u00c7ak\u0131\u015fan"},"content":{"rendered":"<div data-elementor-type=\"wp-page\" data-elementor-id=\"12346\" class=\"elementor elementor-12346\">\n\t\t\t\t        <section class=\"elementor-section elementor-top-section elementor-element elementor-element-dc322a0 elementor-section-full_width elementor-section-stretched elementor-section-height-min-height elementor-section-height-default elementor-section-items-middle pxl-row-scroll-none pxl-column-overflow-gradient-top-no pxl-column-overflow-gradient-bottom-no pxl-section-bg-none\" data-id=\"dc322a0\" data-element_type=\"section\" data-settings=\"{&quot;stretch_section&quot;:&quot;section-stretched&quot;}\">\n\n                \n                <div class=\"elementor-container elementor-column-gap-no\">\n                <div class=\"elementor-column elementor-col-100 elementor-top-column elementor-element elementor-element-fa317e6 pxl-section-offset-none pxl-column-none\" data-id=\"fa317e6\" data-element_type=\"column\">\r\n        <div class=\"elementor-widget-wrap elementor-element-populated\">\r\n                     \r\n        \t\t<div class=\"elementor-element elementor-element-9bfcae1 elementor-widget elementor-widget-pxl_gallery_carousel\" data-id=\"9bfcae1\" data-element_type=\"widget\" data-widget_type=\"pxl_gallery_carousel.default\">\n\t\t\t\t<div class=\"elementor-widget-container\">\n\t\t\t\t\t    <div class=\"pxl-gallery-carousel pxl-gallery-carousel6 pxl-parent-cursor pxl-swiper-arrow-show\">\n                <div id=\"pxl-triggerslider\">\n                                                <div class=\"scrolltrigger-slide pxl-trigger-slide1\" style=\"background-image: url(https:\/\/terapiafotograficzna.com\/wp-content\/uploads\/2024\/07\/slider10-3.webp);\">\n                        <a href=\"https:\/\/terapiafotograficzna.com\/tr\/portfolio\/jenifer-in-green\/\">                        <div class=\"item--image\"><img fetchpriority=\"high\" decoding=\"async\" width=\"1920\" height=\"1010\" src=\"https:\/\/terapiafotograficzna.com\/wp-content\/uploads\/2024\/07\/slider10-3.webp\" class=\"attachment-full\" alt=\"\" srcset=\"https:\/\/terapiafotograficzna.com\/wp-content\/uploads\/2024\/07\/slider10-3.webp 1920w, https:\/\/terapiafotograficzna.com\/wp-content\/uploads\/2024\/07\/slider10-3-300x158.webp 300w, https:\/\/terapiafotograficzna.com\/wp-content\/uploads\/2024\/07\/slider10-3-1024x539.webp 1024w, https:\/\/terapiafotograficzna.com\/wp-content\/uploads\/2024\/07\/slider10-3-768x404.webp 768w, https:\/\/terapiafotograficzna.com\/wp-content\/uploads\/2024\/07\/slider10-3-1536x808.webp 1536w, https:\/\/terapiafotograficzna.com\/wp-content\/uploads\/2024\/07\/slider10-3-1170x615.webp 1170w\" sizes=\"(max-width: 1920px) 100vw, 1920px\" loading=\"eager\" \/><\/div>\n                        <\/a>                    <\/div>\n                                                                <div class=\"scrolltrigger-slide pxl-trigger-slide2\" style=\"background-image: url(https:\/\/terapiafotograficzna.com\/wp-content\/uploads\/2024\/06\/slide-home14-5.webp);\">\n                        <a href=\"https:\/\/terapiafotograficzna.com\/tr\/portfolio\/fashion-next-stage\/\">                        <div class=\"item--image\"><img decoding=\"async\" width=\"1920\" height=\"1010\" src=\"https:\/\/terapiafotograficzna.com\/wp-content\/uploads\/2024\/06\/slide-home14-5.webp\" class=\"attachment-full\" alt=\"\" srcset=\"https:\/\/terapiafotograficzna.com\/wp-content\/uploads\/2024\/06\/slide-home14-5.webp 1920w, https:\/\/terapiafotograficzna.com\/wp-content\/uploads\/2024\/06\/slide-home14-5-300x158.webp 300w, https:\/\/terapiafotograficzna.com\/wp-content\/uploads\/2024\/06\/slide-home14-5-1024x539.webp 1024w, https:\/\/terapiafotograficzna.com\/wp-content\/uploads\/2024\/06\/slide-home14-5-768x404.webp 768w, https:\/\/terapiafotograficzna.com\/wp-content\/uploads\/2024\/06\/slide-home14-5-1536x808.webp 1536w, https:\/\/terapiafotograficzna.com\/wp-content\/uploads\/2024\/06\/slide-home14-5-1170x615.webp 1170w\" sizes=\"(max-width: 1920px) 100vw, 1920px\" loading=\"eager\" \/><\/div>\n                        <\/a>                    <\/div>\n                                                                <div class=\"scrolltrigger-slide pxl-trigger-slide3\" style=\"background-image: url(https:\/\/terapiafotograficzna.com\/wp-content\/uploads\/2024\/06\/slide-home10-1.webp);\">\n                        <a href=\"https:\/\/terapiafotograficzna.com\/tr\/portfolio\/summer-sadness\/\">                        <div class=\"item--image\"><img decoding=\"async\" width=\"1920\" height=\"1010\" src=\"https:\/\/terapiafotograficzna.com\/wp-content\/uploads\/2024\/06\/slide-home10-1.webp\" class=\"attachment-full\" alt=\"\" srcset=\"https:\/\/terapiafotograficzna.com\/wp-content\/uploads\/2024\/06\/slide-home10-1.webp 1920w, https:\/\/terapiafotograficzna.com\/wp-content\/uploads\/2024\/06\/slide-home10-1-300x158.webp 300w, https:\/\/terapiafotograficzna.com\/wp-content\/uploads\/2024\/06\/slide-home10-1-1024x539.webp 1024w, https:\/\/terapiafotograficzna.com\/wp-content\/uploads\/2024\/06\/slide-home10-1-768x404.webp 768w, https:\/\/terapiafotograficzna.com\/wp-content\/uploads\/2024\/06\/slide-home10-1-1536x808.webp 1536w, https:\/\/terapiafotograficzna.com\/wp-content\/uploads\/2024\/06\/slide-home10-1-1170x615.webp 1170w\" sizes=\"(max-width: 1920px) 100vw, 1920px\" loading=\"eager\" \/><\/div>\n                        <\/a>                    <\/div>\n                                                                <div class=\"scrolltrigger-slide pxl-trigger-slide4\" style=\"background-image: url(https:\/\/terapiafotograficzna.com\/wp-content\/uploads\/2024\/03\/slider-hiden2.webp);\">\n                        <a href=\"https:\/\/terapiafotograficzna.com\/tr\/portfolio\/festive-mode-one\/\">                        <div class=\"item--image\"><img decoding=\"async\" width=\"1920\" height=\"1010\" src=\"https:\/\/terapiafotograficzna.com\/wp-content\/uploads\/2024\/03\/slider-hiden2.webp\" class=\"attachment-full\" alt=\"\" srcset=\"https:\/\/terapiafotograficzna.com\/wp-content\/uploads\/2024\/03\/slider-hiden2.webp 1920w, https:\/\/terapiafotograficzna.com\/wp-content\/uploads\/2024\/03\/slider-hiden2-300x158.webp 300w, https:\/\/terapiafotograficzna.com\/wp-content\/uploads\/2024\/03\/slider-hiden2-1024x539.webp 1024w, https:\/\/terapiafotograficzna.com\/wp-content\/uploads\/2024\/03\/slider-hiden2-768x404.webp 768w, https:\/\/terapiafotograficzna.com\/wp-content\/uploads\/2024\/03\/slider-hiden2-1536x808.webp 1536w, https:\/\/terapiafotograficzna.com\/wp-content\/uploads\/2024\/03\/slider-hiden2-1170x615.webp 1170w\" sizes=\"(max-width: 1920px) 100vw, 1920px\" loading=\"eager\" \/><\/div>\n                        <\/a>                    <\/div>\n                                                                <div class=\"scrolltrigger-slide pxl-trigger-slide5\" style=\"background-image: url(https:\/\/terapiafotograficzna.com\/wp-content\/uploads\/2024\/03\/slider-hiden1.webp);\">\n                        <a href=\"https:\/\/terapiafotograficzna.com\/tr\/portfolio\/sunflower-boho-girl-3\/\">                        <div class=\"item--image\"><img decoding=\"async\" width=\"1920\" height=\"1010\" src=\"https:\/\/terapiafotograficzna.com\/wp-content\/uploads\/2024\/03\/slider-hiden1.webp\" class=\"attachment-full\" alt=\"\" srcset=\"https:\/\/terapiafotograficzna.com\/wp-content\/uploads\/2024\/03\/slider-hiden1.webp 1920w, https:\/\/terapiafotograficzna.com\/wp-content\/uploads\/2024\/03\/slider-hiden1-300x158.webp 300w, https:\/\/terapiafotograficzna.com\/wp-content\/uploads\/2024\/03\/slider-hiden1-1024x539.webp 1024w, https:\/\/terapiafotograficzna.com\/wp-content\/uploads\/2024\/03\/slider-hiden1-768x404.webp 768w, https:\/\/terapiafotograficzna.com\/wp-content\/uploads\/2024\/03\/slider-hiden1-1536x808.webp 1536w, https:\/\/terapiafotograficzna.com\/wp-content\/uploads\/2024\/03\/slider-hiden1-1170x615.webp 1170w\" sizes=\"(max-width: 1920px) 100vw, 1920px\" loading=\"eager\" \/><\/div>\n                        <\/a>                    <\/div>\n                                                                <div class=\"scrolltrigger-slide pxl-trigger-slide6\" style=\"background-image: url(https:\/\/terapiafotograficzna.com\/wp-content\/uploads\/2024\/05\/slider2-01.webp);\">\n                        <a href=\"https:\/\/terapiafotograficzna.com\/tr\/portfolio\/california-fall-collection-2023\/\">                        <div class=\"item--image\"><img decoding=\"async\" width=\"1920\" height=\"1010\" src=\"https:\/\/terapiafotograficzna.com\/wp-content\/uploads\/2024\/05\/slider2-01.webp\" class=\"attachment-full\" alt=\"\" srcset=\"https:\/\/terapiafotograficzna.com\/wp-content\/uploads\/2024\/05\/slider2-01.webp 1920w, https:\/\/terapiafotograficzna.com\/wp-content\/uploads\/2024\/05\/slider2-01-300x158.webp 300w, https:\/\/terapiafotograficzna.com\/wp-content\/uploads\/2024\/05\/slider2-01-1024x539.webp 1024w, https:\/\/terapiafotograficzna.com\/wp-content\/uploads\/2024\/05\/slider2-01-768x404.webp 768w, https:\/\/terapiafotograficzna.com\/wp-content\/uploads\/2024\/05\/slider2-01-1536x808.webp 1536w, https:\/\/terapiafotograficzna.com\/wp-content\/uploads\/2024\/05\/slider2-01-1170x615.webp 1170w\" sizes=\"(max-width: 1920px) 100vw, 1920px\" loading=\"eager\" \/><\/div>\n                        <\/a>                    <\/div>\n                                    <\/div>\n    <\/div>\n\t\t\t\t<\/div>\n\t\t\t\t<\/div>\n\t\t            <\/div>\r\n        <\/div>\r\n        \t\t\t<\/div>\n\t\t<\/section>\n\t\t\t\t<\/div>","protected":false},"excerpt":{"rendered":"","protected":false},"author":1,"featured_media":0,"parent":0,"menu_order":0,"comment_status":"closed","ping_status":"closed","template":"","meta":{"_vp_format_video_url":"","_vp_image_focal_point":[],"footnotes":""},"class_list":["post-12346","page","type-page","status-publish","hentry"],"_links":{"self":[{"href":"https:\/\/terapiafotograficzna.com\/tr\/wp-json\/wp\/v2\/pages\/12346","targetHints":{"allow":["GET"]}}],"collection":[{"href":"https:\/\/terapiafotograficzna.com\/tr\/wp-json\/wp\/v2\/pages"}],"about":[{"href":"https:\/\/terapiafotograficzna.com\/tr\/wp-json\/wp\/v2\/types\/page"}],"author":[{"embeddable":true,"href":"https:\/\/terapiafotograficzna.com\/tr\/wp-json\/wp\/v2\/users\/1"}],"replies":[{"embeddable":true,"href":"https:\/\/terapiafotograficzna.com\/tr\/wp-json\/wp\/v2\/comments?post=12346"}],"version-history":[{"count":0,"href":"https:\/\/terapiafotograficzna.com\/tr\/wp-json\/wp\/v2\/pages\/12346\/revisions"}],"wp:attachment":[{"href":"https:\/\/terapiafotograficzna.com\/tr\/wp-json\/wp\/v2\/media?parent=12346"}],"curies":[{"name":"wp","href":"https:\/\/api.w.org\/{rel}","templated":true}]}}