{"id":1767,"date":"2024-04-29T08:39:02","date_gmt":"2024-04-29T08:39:02","guid":{"rendered":"https:\/\/demo.bravisthemes.com\/kimono\/?page_id=1767"},"modified":"2024-04-29T08:39:02","modified_gmt":"2024-04-29T08:39:02","slug":"gallery-classic-col-2","status":"publish","type":"page","link":"https:\/\/terapiafotograficzna.com\/tr\/gallery-classic-col-2\/","title":{"rendered":"Gallery Classic Col 2"},"content":{"rendered":"<div data-elementor-type=\"wp-page\" data-elementor-id=\"1767\" class=\"elementor elementor-1767\">\n\t\t\t\t        <section class=\"elementor-section elementor-top-section elementor-element elementor-element-454835e elementor-section-stretched elementor-section-boxed elementor-section-height-default elementor-section-height-default pxl-row-scroll-none pxl-column-overflow-gradient-top-no pxl-column-overflow-gradient-bottom-no pxl-section-bg-none\" data-id=\"454835e\" data-element_type=\"section\" data-settings=\"{&quot;stretch_section&quot;:&quot;section-stretched&quot;}\">\n\n                \n                <div class=\"elementor-container elementor-column-gap-extended\">\n                <div class=\"elementor-column elementor-col-100 elementor-top-column elementor-element elementor-element-85e5661 pxl-section-offset-none pxl-column-none\" data-id=\"85e5661\" data-element_type=\"column\">\r\n        <div class=\"elementor-widget-wrap elementor-element-populated\">\r\n                     \r\n        \t\t<div class=\"elementor-element elementor-element-e109e7c elementor-widget elementor-widget-pxl_heading\" data-id=\"e109e7c\" data-element_type=\"widget\" data-widget_type=\"pxl_heading.default\">\n\t\t\t\t<div class=\"elementor-widget-container\">\n\t\t\t\t\t<div class=\"pxl-heading\">\n\t<div class=\"pxl-heading--inner\">\n\t\t\t\t\t<div class=\"pxl-item--subtitle  df\" data-wow-delay=\"ms\" data-wow-duration=\"1.2s\"><span>            <span class=\"pxl-sub--highlight\">\n                01  \/\/              <\/span>\n          PORTF\u00d6Y\u00dcM\u00dcZ<\/span><\/div>\n\t\t\t\t<h2 class=\"pxl-item--title style1 df divider-none\" data-wow-delay=\"ms\" data-wow-duration=\"1.2s\">\n\t\tKimono yakalar             <span class=\"pxl-title--highlight\">\n                T\u00fcm Senin            <\/span>\n         g\u00fczel an\u0131lar\t\t\t\t<\/h2>\n\t<\/div>\n<\/div>\n\t\t\t\t<\/div>\n\t\t\t\t<\/div>\n\t\t\t\t<div class=\"elementor-element elementor-element-dda58e8 pxl-post-layout-portfolio-1 elementor-widget elementor-widget-pxl_post_grid\" data-id=\"dda58e8\" data-element_type=\"widget\" data-widget_type=\"pxl_post_grid.default\">\n\t\t\t\t<div class=\"elementor-widget-container\">\n\t\t\t\t\t\n<div id=\"pxl_post_grid-dda58e8-9013\" class=\"pxl-grid pxl-portfolio-grid-layout1 pxl-check-scroll pxl-effect--3d zoom_in\" data-layout=\"masonry\" data-start-page=\"1\" data-max-pages=\"2\" data-total=\"16\" data-perpage=\"10\" data-next-link=\"https:\/\/terapiafotograficzna.com\/wp-json\/wp\/v2\/pages\/1767\/page\/2\/\">\n        <div class=\"pxl-grid-inner pxl-grid-masonry row\" data-gutter=\"15\">\n        <div class=\"grid-sizer col-xxl-6 col-xl-6 col-lg-6 col-md-6 col-sm-6 col-12\"><\/div>\n                    <div class=\"pxl-grid-item col-xxl-6 col-xl-6 col-lg-6 col-md-6 col-sm-6 col-12\">\n                <div class=\"pxl-item--inner\" data-wow-duration=\"1.2s\">\n                    <div class=\"pxl-effect--direction\">     \n                        <a href=\"https:\/\/terapiafotograficzna.com\/tr\/portfolio-2\/alanya-turcja\/\">    \n                        <\/a>           \n                                                <div class=\"item--featured\" style=\"--pg-background-image: url('https:\/\/terapiafotograficzna.com\/wp-content\/uploads\/2025\/06\/DJI_20250618173728_0198_D-scaled.jpg');\">\n                            <img fetchpriority=\"high\" decoding=\"async\" width=\"2560\" height=\"1440\" src=\"https:\/\/terapiafotograficzna.com\/wp-content\/uploads\/2025\/06\/DJI_20250618173728_0198_D-scaled.jpg\" class=\"no-lazyload attachment-full\" alt=\"\" loading=\"eager\" \/>                        <\/div>\n                                        <div class=\"item--content pxl-effect--content\">\n                        <h6 class=\"item--title\"><a href=\"https:\/\/terapiafotograficzna.com\/tr\/portfolio-2\/alanya-turcja\/\">Alanya \/ Turcja<\/a><\/h6>\n                                           \n                            <div class=\"pxl-item--author\">\n                                 \n                                \u0130le&nbsp;<span>y\u00f6netici<\/span>\n                            <\/div>\n                                            <\/div>\n                <\/div>\n            <\/div>\n        <\/div>\n                    <div class=\"pxl-grid-item col-xxl-6 col-xl-6 col-lg-6 col-md-6 col-sm-6 col-12\">\n                <div class=\"pxl-item--inner\" data-wow-duration=\"1.2s\">\n                    <div class=\"pxl-effect--direction\">     \n                        <a href=\"https:\/\/terapiafotograficzna.com\/tr\/portfolio-2\/food-restaurant\/\">    \n                        <\/a>           \n                                                <div class=\"item--featured\" style=\"--pg-background-image: url('https:\/\/terapiafotograficzna.com\/wp-content\/uploads\/2025\/05\/213786587_313461593841829_2961197910754691622_n.jpg');\">\n                            <img decoding=\"async\" width=\"640\" height=\"960\" src=\"https:\/\/terapiafotograficzna.com\/wp-content\/uploads\/2025\/05\/213786587_313461593841829_2961197910754691622_n.jpg\" class=\"no-lazyload attachment-full\" alt=\"\" loading=\"eager\" \/>                        <\/div>\n                                        <div class=\"item--content pxl-effect--content\">\n                        <h6 class=\"item--title\"><a href=\"https:\/\/terapiafotograficzna.com\/tr\/portfolio-2\/food-restaurant\/\">Yemek Restoran\u0131<\/a><\/h6>\n                                           \n                            <div class=\"pxl-item--author\">\n                                 \n                                \u0130le&nbsp;<span>y\u00f6netici<\/span>\n                            <\/div>\n                                            <\/div>\n                <\/div>\n            <\/div>\n        <\/div>\n                    <div class=\"pxl-grid-item col-xxl-6 col-xl-6 col-lg-6 col-md-6 col-sm-6 col-12\">\n                <div class=\"pxl-item--inner\" data-wow-duration=\"1.2s\">\n                    <div class=\"pxl-effect--direction\">     \n                        <a href=\"https:\/\/terapiafotograficzna.com\/tr\/portfolio-2\/product-photos\/\">    \n                        <\/a>           \n                                                <div class=\"item--featured\" style=\"--pg-background-image: url('https:\/\/terapiafotograficzna.com\/wp-content\/uploads\/2025\/05\/342753347_758669755927563_893071332008606971_n.jpg');\">\n                            <img decoding=\"async\" width=\"2048\" height=\"1365\" src=\"https:\/\/terapiafotograficzna.com\/wp-content\/uploads\/2025\/05\/342753347_758669755927563_893071332008606971_n.jpg\" class=\"no-lazyload attachment-full\" alt=\"\" loading=\"eager\" \/>                        <\/div>\n                                        <div class=\"item--content pxl-effect--content\">\n                        <h6 class=\"item--title\"><a href=\"https:\/\/terapiafotograficzna.com\/tr\/portfolio-2\/product-photos\/\">Product Photos<\/a><\/h6>\n                                           \n                            <div class=\"pxl-item--author\">\n                                 \n                                \u0130le&nbsp;<span>y\u00f6netici<\/span>\n                            <\/div>\n                                            <\/div>\n                <\/div>\n            <\/div>\n        <\/div>\n                    <div class=\"pxl-grid-item col-xxl-6 col-xl-6 col-lg-6 col-md-6 col-sm-6 col-12\">\n                <div class=\"pxl-item--inner\" data-wow-duration=\"1.2s\">\n                    <div class=\"pxl-effect--direction\">     \n                        <a href=\"https:\/\/terapiafotograficzna.com\/tr\/portfolio-2\/studio\/\">    \n                        <\/a>           \n                                                <div class=\"item--featured\" style=\"--pg-background-image: url('https:\/\/terapiafotograficzna.com\/wp-content\/uploads\/2025\/05\/239465581_341992510988737_3668558210435031373_n.jpg');\">\n                            <img decoding=\"async\" width=\"1848\" height=\"1224\" src=\"https:\/\/terapiafotograficzna.com\/wp-content\/uploads\/2025\/05\/239465581_341992510988737_3668558210435031373_n.jpg\" class=\"no-lazyload attachment-full\" alt=\"\" loading=\"eager\" \/>                        <\/div>\n                                        <div class=\"item--content pxl-effect--content\">\n                        <h6 class=\"item--title\"><a href=\"https:\/\/terapiafotograficzna.com\/tr\/portfolio-2\/studio\/\">Studio<\/a><\/h6>\n                                           \n                            <div class=\"pxl-item--author\">\n                                 \n                                \u0130le&nbsp;<span>y\u00f6netici<\/span>\n                            <\/div>\n                                            <\/div>\n                <\/div>\n            <\/div>\n        <\/div>\n                    <div class=\"pxl-grid-item col-xxl-6 col-xl-6 col-lg-6 col-md-6 col-sm-6 col-12\">\n                <div class=\"pxl-item--inner\" data-wow-duration=\"1.2s\">\n                    <div class=\"pxl-effect--direction\">     \n                        <a href=\"https:\/\/terapiafotograficzna.com\/tr\/portfolio-2\/venue-photos\/\">    \n                        <\/a>           \n                                                <div class=\"item--featured\" style=\"--pg-background-image: url('https:\/\/terapiafotograficzna.com\/wp-content\/uploads\/2025\/05\/DSC_01171-scaled.jpg');\">\n                            <img decoding=\"async\" width=\"2560\" height=\"1659\" src=\"https:\/\/terapiafotograficzna.com\/wp-content\/uploads\/2025\/05\/DSC_01171-scaled.jpg\" class=\"no-lazyload attachment-full\" alt=\"\" loading=\"eager\" \/>                        <\/div>\n                                        <div class=\"item--content pxl-effect--content\">\n                        <h6 class=\"item--title\"><a href=\"https:\/\/terapiafotograficzna.com\/tr\/portfolio-2\/venue-photos\/\">Venue Photos<\/a><\/h6>\n                                           \n                            <div class=\"pxl-item--author\">\n                                 \n                                \u0130le&nbsp;<span>y\u00f6netici<\/span>\n                            <\/div>\n                                            <\/div>\n                <\/div>\n            <\/div>\n        <\/div>\n                    <div class=\"pxl-grid-item col-xxl-6 col-xl-6 col-lg-6 col-md-6 col-sm-6 col-12\">\n                <div class=\"pxl-item--inner\" data-wow-duration=\"1.2s\">\n                    <div class=\"pxl-effect--direction\">     \n                        <a href=\"https:\/\/terapiafotograficzna.com\/tr\/portfolio-2\/personal\/\">    \n                        <\/a>           \n                                                <div class=\"item--featured\" style=\"--pg-background-image: url('https:\/\/terapiafotograficzna.com\/wp-content\/uploads\/2025\/05\/274290193_470483241472996_4937976647111956482_n.jpg');\">\n                            <img decoding=\"async\" width=\"1335\" height=\"2000\" src=\"https:\/\/terapiafotograficzna.com\/wp-content\/uploads\/2025\/05\/274290193_470483241472996_4937976647111956482_n.jpg\" class=\"no-lazyload attachment-full\" alt=\"\" loading=\"eager\" \/>                        <\/div>\n                                        <div class=\"item--content pxl-effect--content\">\n                        <h6 class=\"item--title\"><a href=\"https:\/\/terapiafotograficzna.com\/tr\/portfolio-2\/personal\/\">Ki\u015fisel<\/a><\/h6>\n                                           \n                            <div class=\"pxl-item--author\">\n                                 \n                                \u0130le&nbsp;<span>y\u00f6netici<\/span>\n                            <\/div>\n                                            <\/div>\n                <\/div>\n            <\/div>\n        <\/div>\n                    <div class=\"pxl-grid-item col-xxl-6 col-xl-6 col-lg-6 col-md-6 col-sm-6 col-12\">\n                <div class=\"pxl-item--inner\" data-wow-duration=\"1.2s\">\n                    <div class=\"pxl-effect--direction\">     \n                        <a href=\"https:\/\/terapiafotograficzna.com\/tr\/portfolio-2\/animals\/\">    \n                        <\/a>           \n                                                <div class=\"item--featured\" style=\"--pg-background-image: url('https:\/\/terapiafotograficzna.com\/wp-content\/uploads\/2025\/05\/DSC_0200-2-scaled.jpg');\">\n                            <img decoding=\"async\" width=\"2560\" height=\"1706\" src=\"https:\/\/terapiafotograficzna.com\/wp-content\/uploads\/2025\/05\/DSC_0200-2-scaled.jpg\" class=\"no-lazyload attachment-full\" alt=\"\" loading=\"eager\" \/>                        <\/div>\n                                        <div class=\"item--content pxl-effect--content\">\n                        <h6 class=\"item--title\"><a href=\"https:\/\/terapiafotograficzna.com\/tr\/portfolio-2\/animals\/\">Hayvanlar<\/a><\/h6>\n                                           \n                            <div class=\"pxl-item--author\">\n                                 \n                                \u0130le&nbsp;<span>y\u00f6netici<\/span>\n                            <\/div>\n                                            <\/div>\n                <\/div>\n            <\/div>\n        <\/div>\n                    <div class=\"pxl-grid-item col-xxl-6 col-xl-6 col-lg-6 col-md-6 col-sm-6 col-12\">\n                <div class=\"pxl-item--inner\" data-wow-duration=\"1.2s\">\n                    <div class=\"pxl-effect--direction\">     \n                        <a href=\"https:\/\/terapiafotograficzna.com\/tr\/portfolio-2\/pregnancy\/\">    \n                        <\/a>           \n                                                <div class=\"item--featured\" style=\"--pg-background-image: url('https:\/\/terapiafotograficzna.com\/wp-content\/uploads\/2025\/05\/158334071_229638318890824_88526347795895241_n.jpg');\">\n                            <img decoding=\"async\" width=\"1335\" height=\"2000\" src=\"https:\/\/terapiafotograficzna.com\/wp-content\/uploads\/2025\/05\/158334071_229638318890824_88526347795895241_n.jpg\" class=\"no-lazyload attachment-full\" alt=\"\" loading=\"eager\" \/>                        <\/div>\n                                        <div class=\"item--content pxl-effect--content\">\n                        <h6 class=\"item--title\"><a href=\"https:\/\/terapiafotograficzna.com\/tr\/portfolio-2\/pregnancy\/\">Pregnancy<\/a><\/h6>\n                                           \n                            <div class=\"pxl-item--author\">\n                                 \n                                \u0130le&nbsp;<span>y\u00f6netici<\/span>\n                            <\/div>\n                                            <\/div>\n                <\/div>\n            <\/div>\n        <\/div>\n                    <div class=\"pxl-grid-item col-xxl-6 col-xl-6 col-lg-6 col-md-6 col-sm-6 col-12\">\n                <div class=\"pxl-item--inner\" data-wow-duration=\"1.2s\">\n                    <div class=\"pxl-effect--direction\">     \n                        <a href=\"https:\/\/terapiafotograficzna.com\/tr\/portfolio-2\/festivals\/\">    \n                        <\/a>           \n                                                <div class=\"item--featured\" style=\"--pg-background-image: url('https:\/\/terapiafotograficzna.com\/wp-content\/uploads\/2025\/05\/DSC_0718-scaled.jpg');\">\n                            <img decoding=\"async\" width=\"2560\" height=\"1708\" src=\"https:\/\/terapiafotograficzna.com\/wp-content\/uploads\/2025\/05\/DSC_0718-scaled.jpg\" class=\"no-lazyload attachment-full\" alt=\"\" loading=\"eager\" \/>                        <\/div>\n                                        <div class=\"item--content pxl-effect--content\">\n                        <h6 class=\"item--title\"><a href=\"https:\/\/terapiafotograficzna.com\/tr\/portfolio-2\/festivals\/\">Festivaller<\/a><\/h6>\n                                           \n                            <div class=\"pxl-item--author\">\n                                 \n                                \u0130le&nbsp;<span>y\u00f6netici<\/span>\n                            <\/div>\n                                            <\/div>\n                <\/div>\n            <\/div>\n        <\/div>\n                    <div class=\"pxl-grid-item col-xxl-6 col-xl-6 col-lg-6 col-md-6 col-sm-6 col-12\">\n                <div class=\"pxl-item--inner\" data-wow-duration=\"1.2s\">\n                    <div class=\"pxl-effect--direction\">     \n                        <a href=\"https:\/\/terapiafotograficzna.com\/tr\/portfolio-2\/wedding-photos\/\">    \n                        <\/a>           \n                                                <div class=\"item--featured\" style=\"--pg-background-image: url('https:\/\/terapiafotograficzna.com\/wp-content\/uploads\/2025\/05\/158602923_229876652200324_2964956595680727725_n.jpg');\">\n                            <img decoding=\"async\" width=\"1040\" height=\"1560\" src=\"https:\/\/terapiafotograficzna.com\/wp-content\/uploads\/2025\/05\/158602923_229876652200324_2964956595680727725_n.jpg\" class=\"no-lazyload attachment-full\" alt=\"\" loading=\"eager\" \/>                        <\/div>\n                                        <div class=\"item--content pxl-effect--content\">\n                        <h6 class=\"item--title\"><a href=\"https:\/\/terapiafotograficzna.com\/tr\/portfolio-2\/wedding-photos\/\">Wedding Photos<\/a><\/h6>\n                                           \n                            <div class=\"pxl-item--author\">\n                                 \n                                \u0130le&nbsp;<span>y\u00f6netici<\/span>\n                            <\/div>\n                                            <\/div>\n                <\/div>\n            <\/div>\n        <\/div>\n            <\/div>\n    <div class=\"pxl-grid-no-results\">E\u015fle\u015fen sonu\u00e7 bulunamad\u0131.<\/div>\n            <div class=\"pxl-grid-pagination\" data-loadmore=\"{&quot;post_type&quot;:&quot;portfolio&quot;,&quot;layout&quot;:&quot;portfolio-1&quot;,&quot;layout_mode&quot;:&quot;masonry&quot;,&quot;startPage&quot;:1,&quot;maxPages&quot;:2,&quot;total&quot;:16,&quot;perpage&quot;:10,&quot;nextLink&quot;:&quot;https:\\\/\\\/terapiafotograficzna.com\\\/wp-json\\\/wp\\\/v2\\\/pages\\\/1767\\\/page\\\/2\\\/&quot;,&quot;source&quot;:&quot;&quot;,&quot;orderby&quot;:&quot;date&quot;,&quot;order&quot;:&quot;desc&quot;,&quot;limit&quot;:10,&quot;post_ids&quot;:[],&quot;col_xxl&quot;:6,&quot;col_xl&quot;:6,&quot;col_lg&quot;:6,&quot;col_md&quot;:6,&quot;col_sm&quot;:6,&quot;col_xs&quot;:12,&quot;show_author&quot;:&quot;true&quot;,&quot;pagination_type&quot;:&quot;pagination&quot;,&quot;img_size&quot;:&quot;&quot;,&quot;grid_masonry&quot;:&quot;&quot;,&quot;pxl_animate&quot;:&quot;&quot;,&quot;tax&quot;:[]}\" data-query=\"{&quot;post_type&quot;:&quot;portfolio&quot;,&quot;post_status&quot;:&quot;publish&quot;,&quot;posts_per_page&quot;:10,&quot;order&quot;:&quot;desc&quot;,&quot;orderby&quot;:&quot;date&quot;,&quot;tax_query&quot;:{&quot;relation&quot;:&quot;OR&quot;},&quot;post__not_in&quot;:[1767]}\">\n                            <nav class=\"pxl-pagination-wrap ajax\">\n                    <div class=\"pxl-pagination-links\">\n                        <span aria-label=\"Sayfa 1\" aria-current=\"page\" class=\"page-numbers current\" data-no-translation-aria-label=\"\">1<\/span>\n<a aria-label=\"Sayfa 2\" class=\"page-numbers\" href=\"#2\" data-no-translation-aria-label=\"\">2<\/a>\n<a class=\"next page-numbers\" href=\"#2\"><\/a>                    <\/div>\n                <\/nav>\n                        <\/div>\n        <\/div>\t\t\t\t<\/div>\n\t\t\t\t<\/div>\n\t\t            <\/div>\r\n        <\/div>\r\n        \t\t\t<\/div>\n\t\t<\/section>\n\t\t\t\t<\/div>","protected":false},"excerpt":{"rendered":"<p>01 \/\/ OUR PORTFOLIO Kimono captures All of Your beautiful memories Jenifer in green By&nbsp;William Ashton Fashion next stage By&nbsp;William Ashton Summer sadness By&nbsp;William Ashton Festive mode one By&nbsp;William Ashton Sunflower Boho girl By&nbsp;William Ashton Sun-downers Love By&nbsp;William Ashton Bright Boho Sunshine0 By&nbsp;William Ashton Iceland girl By&nbsp;William Ashton Bright Boho Sunshine By&nbsp;William Ashton California Fall [&hellip;]<\/p>","protected":false},"author":1,"featured_media":0,"parent":0,"menu_order":0,"comment_status":"closed","ping_status":"closed","template":"","meta":{"_vp_format_video_url":"","_vp_image_focal_point":[],"footnotes":""},"class_list":["post-1767","page","type-page","status-publish","hentry"],"_links":{"self":[{"href":"https:\/\/terapiafotograficzna.com\/tr\/wp-json\/wp\/v2\/pages\/1767","targetHints":{"allow":["GET"]}}],"collection":[{"href":"https:\/\/terapiafotograficzna.com\/tr\/wp-json\/wp\/v2\/pages"}],"about":[{"href":"https:\/\/terapiafotograficzna.com\/tr\/wp-json\/wp\/v2\/types\/page"}],"author":[{"embeddable":true,"href":"https:\/\/terapiafotograficzna.com\/tr\/wp-json\/wp\/v2\/users\/1"}],"replies":[{"embeddable":true,"href":"https:\/\/terapiafotograficzna.com\/tr\/wp-json\/wp\/v2\/comments?post=1767"}],"version-history":[{"count":0,"href":"https:\/\/terapiafotograficzna.com\/tr\/wp-json\/wp\/v2\/pages\/1767\/revisions"}],"wp:attachment":[{"href":"https:\/\/terapiafotograficzna.com\/tr\/wp-json\/wp\/v2\/media?parent=1767"}],"curies":[{"name":"wp","href":"https:\/\/api.w.org\/{rel}","templated":true}]}}