{"id":1935,"date":"2024-04-30T05:23:53","date_gmt":"2024-04-30T05:23:53","guid":{"rendered":"https:\/\/demo.bravisthemes.com\/kimono\/?page_id=1935"},"modified":"2024-04-30T05:23:53","modified_gmt":"2024-04-30T05:23:53","slug":"gallery-masonry-type-two","status":"publish","type":"page","link":"https:\/\/terapiafotograficzna.com\/tr\/gallery-masonry-type-two\/","title":{"rendered":"Gallery Masonry Type Two"},"content":{"rendered":"<div data-elementor-type=\"wp-page\" data-elementor-id=\"1935\" class=\"elementor elementor-1935\">\n\t\t\t\t        <section class=\"elementor-section elementor-top-section elementor-element elementor-element-5f46bb8 elementor-section-stretched elementor-section-boxed elementor-section-height-default elementor-section-height-default pxl-row-scroll-none pxl-column-overflow-gradient-top-no pxl-column-overflow-gradient-bottom-no pxl-section-bg-none\" data-id=\"5f46bb8\" data-element_type=\"section\" data-settings=\"{&quot;stretch_section&quot;:&quot;section-stretched&quot;}\">\n\n                \n                <div class=\"elementor-container elementor-column-gap-extended\">\n                <div class=\"elementor-column elementor-col-100 elementor-top-column elementor-element elementor-element-9ac4f4f pxl-section-offset-none pxl-column-none\" data-id=\"9ac4f4f\" data-element_type=\"column\">\r\n        <div class=\"elementor-widget-wrap elementor-element-populated\">\r\n                     \r\n        \t\t<div class=\"elementor-element elementor-element-1cc1978 elementor-widget elementor-widget-pxl_heading\" data-id=\"1cc1978\" data-element_type=\"widget\" data-widget_type=\"pxl_heading.default\">\n\t\t\t\t<div class=\"elementor-widget-container\">\n\t\t\t\t\t<div class=\"pxl-heading\">\n\t<div class=\"pxl-heading--inner\">\n\t\t\t\t\t<div class=\"pxl-item--subtitle  df\" data-wow-delay=\"ms\" data-wow-duration=\"1.2s\"><span>            <span class=\"pxl-sub--highlight\">\n                01  \/\/              <\/span>\n          PORTF\u00d6Y\u00dcM\u00dcZ<\/span><\/div>\n\t\t\t\t<h2 class=\"pxl-item--title style1 df divider-none\" data-wow-delay=\"ms\" data-wow-duration=\"1.2s\">\n\t\tKimono yakalar             <span class=\"pxl-title--highlight\">\n                T\u00fcm Senin            <\/span>\n         g\u00fczel an\u0131lar\t\t\t\t<\/h2>\n\t<\/div>\n<\/div>\n\t\t\t\t<\/div>\n\t\t\t\t<\/div>\n\t\t\t\t<div class=\"elementor-element elementor-element-9e4c86b pxl-post-layout-portfolio-1 elementor-widget elementor-widget-pxl_post_grid\" data-id=\"9e4c86b\" data-element_type=\"widget\" data-widget_type=\"pxl_post_grid.default\">\n\t\t\t\t<div class=\"elementor-widget-container\">\n\t\t\t\t\t\n<div id=\"pxl_post_grid-9e4c86b-3504\" class=\"pxl-grid pxl-portfolio-grid-layout1 pxl-check-scroll pxl-effect--3d zoom_in\" data-layout=\"masonry\" data-start-page=\"1\" data-max-pages=\"3\" data-total=\"16\" data-perpage=\"6\" data-next-link=\"https:\/\/terapiafotograficzna.com\/wp-json\/wp\/v2\/pages\/1935\/page\/2\/\">\n        <div class=\"pxl-grid-inner pxl-grid-masonry row\" data-gutter=\"15\">\n        <div class=\"grid-sizer col-xxl-4 col-xl-4 col-lg-4 col-md-6 col-sm-6 col-12\"><\/div>\n                    <div class=\"pxl-grid-item col-xl-4 col-lg-4 col-md-6 col-sm-6 col-12\">\n                <div class=\"pxl-item--inner\" data-wow-duration=\"1.2s\">\n                    <div class=\"pxl-effect--direction\">     \n                        <a href=\"https:\/\/terapiafotograficzna.com\/tr\/portfolio-2\/alanya-turcja\/\">    \n                        <\/a>           \n                                                <div class=\"item--featured\" style=\"--pg-background-image: url('https:\/\/terapiafotograficzna.com\/wp-content\/uploads\/2025\/06\/DJI_20250618173728_0198_D-scaled.jpg');\">\n                            <img fetchpriority=\"high\" decoding=\"async\" class=\"no-lazyload\" src=\"https:\/\/terapiafotograficzna.com\/wp-content\/uploads\/2025\/06\/DJI_20250618173728_0198_D-scaled-416x812.jpg\" width=\"416\" height=\"812\" alt=\"default\" title=\"default\" \/>                        <\/div>\n                                        <div class=\"item--content pxl-effect--content\">\n                        <h6 class=\"item--title\"><a href=\"https:\/\/terapiafotograficzna.com\/tr\/portfolio-2\/alanya-turcja\/\">Alanya \/ Turcja<\/a><\/h6>\n                                           \n                            <div class=\"pxl-item--author\">\n                                 \n                                \u0130le&nbsp;<span>y\u00f6netici<\/span>\n                            <\/div>\n                                            <\/div>\n                <\/div>\n            <\/div>\n        <\/div>\n                    <div class=\"pxl-grid-item col-xl-4 col-lg-4 col-md-6 col-sm-6 col-12\">\n                <div class=\"pxl-item--inner\" data-wow-duration=\"1.2s\">\n                    <div class=\"pxl-effect--direction\">     \n                        <a href=\"https:\/\/terapiafotograficzna.com\/tr\/portfolio-2\/animals\/\">    \n                        <\/a>           \n                                                <div class=\"item--featured\" style=\"--pg-background-image: url('https:\/\/terapiafotograficzna.com\/wp-content\/uploads\/2025\/05\/DSC_0200-2-scaled.jpg');\">\n                            <img decoding=\"async\" class=\"no-lazyload\" src=\"https:\/\/terapiafotograficzna.com\/wp-content\/uploads\/2025\/05\/DSC_0200-2-scaled-416x393.jpg\" width=\"416\" height=\"393\" alt=\"DSC_0200-2\" title=\"DSC_0200-2\" \/>                        <\/div>\n                                        <div class=\"item--content pxl-effect--content\">\n                        <h6 class=\"item--title\"><a href=\"https:\/\/terapiafotograficzna.com\/tr\/portfolio-2\/animals\/\">Hayvanlar<\/a><\/h6>\n                                           \n                            <div class=\"pxl-item--author\">\n                                 \n                                \u0130le&nbsp;<span>y\u00f6netici<\/span>\n                            <\/div>\n                                            <\/div>\n                <\/div>\n            <\/div>\n        <\/div>\n                    <div class=\"pxl-grid-item col-xl-4 col-lg-4 col-md-6 col-sm-6 col-12\">\n                <div class=\"pxl-item--inner\" data-wow-duration=\"1.2s\">\n                    <div class=\"pxl-effect--direction\">     \n                        <a href=\"https:\/\/terapiafotograficzna.com\/tr\/portfolio-2\/artistic\/\">    \n                        <\/a>           \n                                                <div class=\"item--featured\" style=\"--pg-background-image: url('https:\/\/terapiafotograficzna.com\/wp-content\/uploads\/2025\/05\/DSC_0075-scaled.jpg');\">\n                            <img decoding=\"async\" class=\"no-lazyload\" src=\"https:\/\/terapiafotograficzna.com\/wp-content\/uploads\/2025\/05\/DSC_0075-scaled-416x393.jpg\" width=\"416\" height=\"393\" alt=\"DSC_0075\" title=\"DSC_0075\" \/>                        <\/div>\n                                        <div class=\"item--content pxl-effect--content\">\n                        <h6 class=\"item--title\"><a href=\"https:\/\/terapiafotograficzna.com\/tr\/portfolio-2\/artistic\/\">Sanatsal<\/a><\/h6>\n                                           \n                            <div class=\"pxl-item--author\">\n                                 \n                                \u0130le&nbsp;<span>y\u00f6netici<\/span>\n                            <\/div>\n                                            <\/div>\n                <\/div>\n            <\/div>\n        <\/div>\n                    <div class=\"pxl-grid-item col-xl-8 col-lg-8 col-md-12 col-sm-12 col-12\">\n                <div class=\"pxl-item--inner\" data-wow-duration=\"1.2s\">\n                    <div class=\"pxl-effect--direction\">     \n                        <a href=\"https:\/\/terapiafotograficzna.com\/tr\/portfolio-2\/children\/\">    \n                        <\/a>           \n                                                <div class=\"item--featured\" style=\"--pg-background-image: url('https:\/\/terapiafotograficzna.com\/wp-content\/uploads\/2025\/05\/275052439_475482014306452_569828649896789475_n.jpg');\">\n                            <img loading=\"lazy\" decoding=\"async\" class=\"no-lazyload\" src=\"https:\/\/terapiafotograficzna.com\/wp-content\/uploads\/2025\/05\/275052439_475482014306452_569828649896789475_n-857x393.jpg\" width=\"857\" height=\"393\" alt=\"275052439_475482014306452_569828649896789475_n\" title=\"275052439_475482014306452_569828649896789475_n\" \/>                        <\/div>\n                                        <div class=\"item--content pxl-effect--content\">\n                        <h6 class=\"item--title\"><a href=\"https:\/\/terapiafotograficzna.com\/tr\/portfolio-2\/children\/\">\u00c7ocuklar<\/a><\/h6>\n                                           \n                            <div class=\"pxl-item--author\">\n                                 \n                                \u0130le&nbsp;<span>y\u00f6netici<\/span>\n                            <\/div>\n                                            <\/div>\n                <\/div>\n            <\/div>\n        <\/div>\n                    <div class=\"pxl-grid-item col-xl-8 col-lg-8 col-md-12 col-sm-12 col-12\">\n                <div class=\"pxl-item--inner\" data-wow-duration=\"1.2s\">\n                    <div class=\"pxl-effect--direction\">     \n                        <a href=\"https:\/\/terapiafotograficzna.com\/tr\/portfolio-2\/family\/\">    \n                        <\/a>           \n                                                <div class=\"item--featured\" style=\"--pg-background-image: url('https:\/\/terapiafotograficzna.com\/wp-content\/uploads\/2025\/05\/300061500_584015686786417_2592460712917585100_n.jpg');\">\n                            <img loading=\"lazy\" decoding=\"async\" class=\"no-lazyload\" src=\"https:\/\/terapiafotograficzna.com\/wp-content\/uploads\/2025\/05\/300061500_584015686786417_2592460712917585100_n-857x393.jpg\" width=\"857\" height=\"393\" alt=\"300061500_584015686786417_2592460712917585100_n\" title=\"300061500_584015686786417_2592460712917585100_n\" \/>                        <\/div>\n                                        <div class=\"item--content pxl-effect--content\">\n                        <h6 class=\"item--title\"><a href=\"https:\/\/terapiafotograficzna.com\/tr\/portfolio-2\/family\/\">Aile<\/a><\/h6>\n                                           \n                            <div class=\"pxl-item--author\">\n                                 \n                                \u0130le&nbsp;<span>y\u00f6netici<\/span>\n                            <\/div>\n                                            <\/div>\n                <\/div>\n            <\/div>\n        <\/div>\n                    <div class=\"pxl-grid-item col-xl-4 col-lg-4 col-md-6 col-sm-6 col-12\">\n                <div class=\"pxl-item--inner\" data-wow-duration=\"1.2s\">\n                    <div class=\"pxl-effect--direction\">     \n                        <a href=\"https:\/\/terapiafotograficzna.com\/tr\/portfolio-2\/fashion\/\">    \n                        <\/a>           \n                                                <div class=\"item--featured\" style=\"--pg-background-image: url('https:\/\/terapiafotograficzna.com\/wp-content\/uploads\/2025\/05\/IMG_9886-scaled.jpg');\">\n                            <img loading=\"lazy\" decoding=\"async\" class=\"no-lazyload\" src=\"https:\/\/terapiafotograficzna.com\/wp-content\/uploads\/2025\/05\/IMG_9886-scaled-416x393.jpg\" width=\"416\" height=\"393\" alt=\"IMG_9886\" title=\"IMG_9886\" \/>                        <\/div>\n                                        <div class=\"item--content pxl-effect--content\">\n                        <h6 class=\"item--title\"><a href=\"https:\/\/terapiafotograficzna.com\/tr\/portfolio-2\/fashion\/\">Moda<\/a><\/h6>\n                                           \n                            <div class=\"pxl-item--author\">\n                                 \n                                \u0130le&nbsp;<span>y\u00f6netici<\/span>\n                            <\/div>\n                                            <\/div>\n                <\/div>\n            <\/div>\n        <\/div>\n            <\/div>\n    <div class=\"pxl-grid-no-results\">E\u015fle\u015fen sonu\u00e7 bulunamad\u0131.<\/div>\n            <div class=\"pxl-grid-pagination\" data-loadmore=\"{&quot;post_type&quot;:&quot;portfolio&quot;,&quot;layout&quot;:&quot;portfolio-1&quot;,&quot;layout_mode&quot;:&quot;masonry&quot;,&quot;startPage&quot;:1,&quot;maxPages&quot;:3,&quot;total&quot;:16,&quot;perpage&quot;:&quot;6&quot;,&quot;nextLink&quot;:&quot;https:\\\/\\\/terapiafotograficzna.com\\\/wp-json\\\/wp\\\/v2\\\/pages\\\/1935\\\/page\\\/2\\\/&quot;,&quot;source&quot;:&quot;&quot;,&quot;orderby&quot;:&quot;title&quot;,&quot;order&quot;:&quot;asc&quot;,&quot;limit&quot;:&quot;6&quot;,&quot;post_ids&quot;:[],&quot;col_xxl&quot;:4,&quot;col_xl&quot;:4,&quot;col_lg&quot;:4,&quot;col_md&quot;:6,&quot;col_sm&quot;:6,&quot;col_xs&quot;:12,&quot;show_author&quot;:&quot;true&quot;,&quot;pagination_type&quot;:&quot;pagination&quot;,&quot;img_size&quot;:&quot;&quot;,&quot;grid_masonry&quot;:[{&quot;_id&quot;:&quot;878adea&quot;,&quot;col_xs_m&quot;:&quot;12&quot;,&quot;col_sm_m&quot;:&quot;6&quot;,&quot;col_md_m&quot;:&quot;6&quot;,&quot;img_size_m&quot;:&quot;416x812&quot;,&quot;col_lg_m&quot;:&quot;4&quot;,&quot;col_xl_m&quot;:&quot;4&quot;},{&quot;col_xs_m&quot;:&quot;12&quot;,&quot;col_sm_m&quot;:&quot;6&quot;,&quot;col_md_m&quot;:&quot;6&quot;,&quot;img_size_m&quot;:&quot;416x393&quot;,&quot;_id&quot;:&quot;af1b644&quot;,&quot;col_lg_m&quot;:&quot;4&quot;,&quot;col_xl_m&quot;:&quot;4&quot;},{&quot;col_xs_m&quot;:&quot;12&quot;,&quot;col_sm_m&quot;:&quot;6&quot;,&quot;col_md_m&quot;:&quot;6&quot;,&quot;img_size_m&quot;:&quot;416x393&quot;,&quot;_id&quot;:&quot;8957ed4&quot;,&quot;col_lg_m&quot;:&quot;4&quot;,&quot;col_xl_m&quot;:&quot;4&quot;},{&quot;_id&quot;:&quot;6f7c374&quot;,&quot;col_xs_m&quot;:&quot;12&quot;,&quot;col_sm_m&quot;:&quot;12&quot;,&quot;col_md_m&quot;:&quot;12&quot;,&quot;col_lg_m&quot;:&quot;8&quot;,&quot;col_xl_m&quot;:&quot;8&quot;,&quot;img_size_m&quot;:&quot;857x393&quot;},{&quot;col_xs_m&quot;:&quot;12&quot;,&quot;col_sm_m&quot;:&quot;12&quot;,&quot;col_md_m&quot;:&quot;12&quot;,&quot;col_lg_m&quot;:&quot;8&quot;,&quot;col_xl_m&quot;:&quot;8&quot;,&quot;img_size_m&quot;:&quot;857x393&quot;,&quot;_id&quot;:&quot;60e5c15&quot;},{&quot;col_xs_m&quot;:&quot;12&quot;,&quot;col_sm_m&quot;:&quot;6&quot;,&quot;col_md_m&quot;:&quot;6&quot;,&quot;img_size_m&quot;:&quot;416x393&quot;,&quot;_id&quot;:&quot;6f5aab5&quot;,&quot;col_lg_m&quot;:&quot;4&quot;,&quot;col_xl_m&quot;:&quot;4&quot;}],&quot;pxl_animate&quot;:&quot;&quot;,&quot;tax&quot;:[]}\" data-query=\"{&quot;post_type&quot;:&quot;portfolio&quot;,&quot;post_status&quot;:&quot;publish&quot;,&quot;posts_per_page&quot;:6,&quot;order&quot;:&quot;asc&quot;,&quot;orderby&quot;:&quot;title&quot;,&quot;tax_query&quot;:{&quot;relation&quot;:&quot;OR&quot;},&quot;post__not_in&quot;:[1935]}\">\n                            <nav class=\"pxl-pagination-wrap ajax\">\n                    <div class=\"pxl-pagination-links\">\n                        <span aria-label=\"Sayfa 1\" aria-current=\"page\" class=\"page-numbers current\" data-no-translation-aria-label=\"\">1<\/span>\n<a aria-label=\"Sayfa 2\" class=\"page-numbers\" href=\"#2\" data-no-translation-aria-label=\"\">2<\/a>\n<a aria-label=\"Sayfa 3\" class=\"page-numbers\" href=\"#3\" data-no-translation-aria-label=\"\">3<\/a>\n<a class=\"next page-numbers\" href=\"#2\"><\/a>                    <\/div>\n                <\/nav>\n                        <\/div>\n        <\/div>\t\t\t\t<\/div>\n\t\t\t\t<\/div>\n\t\t            <\/div>\r\n        <\/div>\r\n        \t\t\t<\/div>\n\t\t<\/section>\n\t\t\t\t<\/div>","protected":false},"excerpt":{"rendered":"<p>01 \/\/ OUR PORTFOLIO Kimono captures All of Your beautiful memories Bright Boho Sunshine By&nbsp;William Ashton Bright Boho Sunshine By&nbsp;William Ashton Bright Boho Sunshine0 By&nbsp;William Ashton Brown girl next door By&nbsp;William Ashton Brown girl next door By&nbsp;William Ashton California Fall Collection 2023 By&nbsp;William Ashton No matching results. 1 2 &hellip; 4<\/p>","protected":false},"author":1,"featured_media":0,"parent":0,"menu_order":0,"comment_status":"closed","ping_status":"closed","template":"","meta":{"_vp_format_video_url":"","_vp_image_focal_point":[],"footnotes":""},"class_list":["post-1935","page","type-page","status-publish","hentry"],"_links":{"self":[{"href":"https:\/\/terapiafotograficzna.com\/tr\/wp-json\/wp\/v2\/pages\/1935","targetHints":{"allow":["GET"]}}],"collection":[{"href":"https:\/\/terapiafotograficzna.com\/tr\/wp-json\/wp\/v2\/pages"}],"about":[{"href":"https:\/\/terapiafotograficzna.com\/tr\/wp-json\/wp\/v2\/types\/page"}],"author":[{"embeddable":true,"href":"https:\/\/terapiafotograficzna.com\/tr\/wp-json\/wp\/v2\/users\/1"}],"replies":[{"embeddable":true,"href":"https:\/\/terapiafotograficzna.com\/tr\/wp-json\/wp\/v2\/comments?post=1935"}],"version-history":[{"count":0,"href":"https:\/\/terapiafotograficzna.com\/tr\/wp-json\/wp\/v2\/pages\/1935\/revisions"}],"wp:attachment":[{"href":"https:\/\/terapiafotograficzna.com\/tr\/wp-json\/wp\/v2\/media?parent=1935"}],"curies":[{"name":"wp","href":"https:\/\/api.w.org\/{rel}","templated":true}]}}