{"id":2395,"date":"2024-05-05T10:23:55","date_gmt":"2024-05-05T10:23:55","guid":{"rendered":"https:\/\/demo.bravisthemes.com\/kimono\/?page_id=2395"},"modified":"2025-05-23T19:46:18","modified_gmt":"2025-05-23T19:46:18","slug":"angie-details","status":"publish","type":"page","link":"https:\/\/terapiafotograficzna.com\/tr\/angie-details\/","title":{"rendered":"Angie Ayr\u0131nt\u0131lar\u0131"},"content":{"rendered":"<div data-elementor-type=\"wp-page\" data-elementor-id=\"2395\" class=\"elementor elementor-2395\">\n\t\t\t\t        <section class=\"elementor-section elementor-top-section elementor-element elementor-element-b010cd8 elementor-section-stretched pxl-row-scroll-fixed elementor-section-boxed elementor-section-height-default elementor-section-height-default pxl-column-overflow-gradient-top-no pxl-column-overflow-gradient-bottom-no pxl-section-bg-none\" data-id=\"b010cd8\" data-element_type=\"section\" data-settings=\"{&quot;stretch_section&quot;:&quot;section-stretched&quot;}\">\n\n                \n                <div class=\"elementor-container elementor-column-gap-extended\">\n                <div class=\"elementor-column elementor-col-50 elementor-top-column elementor-element elementor-element-dec064a pxl-column-sticky pxl-section-offset-none\" data-id=\"dec064a\" data-element_type=\"column\">\r\n        <div class=\"elementor-widget-wrap elementor-element-populated\">\r\n                     \r\n        \t\t<div class=\"elementor-element elementor-element-3cf7fbf elementor-widget elementor-widget-pxl_image\" data-id=\"3cf7fbf\" data-element_type=\"widget\" data-widget_type=\"pxl_image.default\">\n\t\t\t\t<div class=\"elementor-widget-container\">\n\t\t\t\t\t<div class=\"pxl-image-single pxl-image-single1 pxl-image-ink\" data-wow-delay=\"ms\" data-wow-duration=\"1.2s\">\r\n    \r\n            <div class=\"pxl-item--image\">\r\n                        <img fetchpriority=\"high\" decoding=\"async\" width=\"644\" height=\"767\" src=\"https:\/\/terapiafotograficzna.com\/wp-content\/uploads\/2025\/05\/Angie-Profil-3.png\" class=\"no-lazyload attachment-full\" alt=\"\" loading=\"eager\" \/>                    <\/div>\r\n        <\/div>\t\t\t\t<\/div>\n\t\t\t\t<\/div>\n\t\t            <\/div>\r\n        <\/div>\r\n                <div class=\"elementor-column elementor-col-50 elementor-top-column elementor-element elementor-element-3506f11 pxl-section-offset-none pxl-column-none\" data-id=\"3506f11\" data-element_type=\"column\">\r\n        <div class=\"elementor-widget-wrap elementor-element-populated\">\r\n                     \r\n        \t\t<div class=\"elementor-element elementor-element-dca9549 elementor-widget elementor-widget-pxl_heading\" data-id=\"dca9549\" data-element_type=\"widget\" data-widget_type=\"pxl_heading.default\">\n\t\t\t\t<div class=\"elementor-widget-container\">\n\t\t\t\t\t<div class=\"pxl-heading\">\n\t<div class=\"pxl-heading--inner\">\n\t\t\t\t<h3 class=\"pxl-item--title style1 df divider-none\" data-wow-delay=\"ms\" data-wow-duration=\"1.2s\">\n\t\tAngelika O\u017aminkowska\n\t\t\t\t<\/h3>\n\t<\/div>\n<\/div>\n\t\t\t\t<\/div>\n\t\t\t\t<\/div>\n\t\t\t\t<div class=\"elementor-element elementor-element-0e5984d elementor-widget elementor-widget-pxl_heading\" data-id=\"0e5984d\" data-element_type=\"widget\" data-widget_type=\"pxl_heading.default\">\n\t\t\t\t<div class=\"elementor-widget-container\">\n\t\t\t\t\t<div class=\"pxl-heading\">\n\t<div class=\"pxl-heading--inner\">\n\t\t\t\t<h2 class=\"pxl-item--title style1 df divider-right\" data-wow-delay=\"ms\" data-wow-duration=\"1.2s\">\n\t\tPHOTOGRAPHER\t\t\t\t<\/h2>\n\t<\/div>\n<\/div>\n\t\t\t\t<\/div>\n\t\t\t\t<\/div>\n\t\t\t\t<div class=\"elementor-element elementor-element-33eb693 elementor-widget elementor-widget-pxl_text_editor\" data-id=\"33eb693\" data-element_type=\"widget\" data-widget_type=\"pxl_text_editor.default\">\n\t\t\t\t<div class=\"elementor-widget-container\">\n\t\t\t\t\t<div class=\"pxl-text-editor\" data-wow-delay=\"ms\" data-wow-duration=\"1.2s\">\n\t<div class=\"pxl-item--inner\">\n\t\t<p class=\"first:mt-1.5\">Angelika is more than just a photographer behind the lens\u2014she\u2019s a storyteller and a true source of inspiration. After graduating from Collegium Da Vinci in Pozna\u0144, she turned her passion for photography into a mission: to help people rediscover themselves, boost their confidence, and see their unique beauty through her camera.<\/p><p class=\"first:mt-1.5\">With her infectious energy and positive spirit, Angelika transforms every photo session into a fun and memorable experience. Empowering women and men to feel stronger and more special is what drives her every day. In 2020, she launched the original \u201cPhototherapy\u201d project, determined to show just how transformative photography can be for our emotions and self-image. Whether in the studio or out in nature, being in front of Angelika\u2019s camera means seeing yourself in a whole new light.<\/p>\t<\/div>\n<\/div>\n\t\t\t\t<\/div>\n\t\t\t\t<\/div>\n\t\t\t\t<div class=\"elementor-element elementor-element-e65d016 elementor-widget elementor-widget-pxl_icon\" data-id=\"e65d016\" data-element_type=\"widget\" data-widget_type=\"pxl_icon.default\">\n\t\t\t\t<div class=\"elementor-widget-container\">\n\t\t\t\t\t    <div class=\"pxl-icon1 style3 pxl-inline-block\">\r\n        <div class=\"inner-layout\">\r\n                                                <a class=\"elementor-repeater-item-379c787\" href=\"#\" data-wow-delay=\"ms\" data-wow-duration=\"1.2s\">\r\n                        <i aria-hidden=\"true\" class=\"fab fa-facebook-f\"><\/i>                                            <\/a>\r\n                                              \r\n                                            <a class=\"elementor-repeater-item-1045d98\" href=\"#\" data-wow-delay=\"ms\" data-wow-duration=\"1.2s\">\r\n                        <i aria-hidden=\"true\" class=\"bootstrap-icons bi-twitter\"><\/i>                                            <\/a>\r\n                                              \r\n                                            <a class=\"elementor-repeater-item-0b79605\" href=\"#\" data-wow-delay=\"ms\" data-wow-duration=\"1.2s\">\r\n                        <i aria-hidden=\"true\" class=\"fab fa-instagram\"><\/i>                                            <\/a>\r\n                                              \r\n                                            <a class=\"elementor-repeater-item-fdeed3c\" href=\"#\" data-wow-delay=\"ms\" data-wow-duration=\"1.2s\">\r\n                        <i aria-hidden=\"true\" class=\"bootstrap-icons bi-youtube\"><\/i>                                            <\/a>\r\n                                              \r\n                                            <a class=\"elementor-repeater-item-55b21f4\" href=\"#\" data-wow-delay=\"ms\" data-wow-duration=\"1.2s\">\r\n                        <i aria-hidden=\"true\" class=\"fab fa-pinterest-p\"><\/i>                                            <\/a>\r\n                                              \r\n            <\/div>\r\n<\/div>\r\n\t\t\t\t<\/div>\n\t\t\t\t<\/div>\n\t\t            <\/div>\r\n        <\/div>\r\n        \t\t\t<\/div>\n\t\t<\/section>\n\t\t        <section class=\"elementor-section elementor-top-section elementor-element elementor-element-81d2452 elementor-section-stretched elementor-section-boxed elementor-section-height-default elementor-section-height-default pxl-row-scroll-none pxl-column-overflow-gradient-top-no pxl-column-overflow-gradient-bottom-no pxl-section-bg-none\" data-id=\"81d2452\" data-element_type=\"section\" data-settings=\"{&quot;stretch_section&quot;:&quot;section-stretched&quot;}\">\n\n                \n                <div class=\"elementor-container elementor-column-gap-extended\">\n                <div class=\"elementor-column elementor-col-33 elementor-top-column elementor-element elementor-element-76cc4b7 pxl-section-offset-none pxl-column-none\" data-id=\"76cc4b7\" data-element_type=\"column\">\r\n        <div class=\"elementor-widget-wrap elementor-element-populated\">\r\n                     \r\n        \t\t<div class=\"elementor-element elementor-element-6f8a0fe elementor-widget elementor-widget-pxl_heading\" data-id=\"6f8a0fe\" data-element_type=\"widget\" data-widget_type=\"pxl_heading.default\">\n\t\t\t\t<div class=\"elementor-widget-container\">\n\t\t\t\t\t<div class=\"pxl-heading\">\n\t<div class=\"pxl-heading--inner\">\n\t\t\t\t<h2 class=\"pxl-item--title style1 df divider-none\" data-wow-delay=\"ms\" data-wow-duration=\"1.2s\">\n\t\tLATEST PROJECTS\t\t\t\t\t<span class=\"title-line\"><\/span>\n\t\t\t\t<\/h2>\n\t<\/div>\n<\/div>\n\t\t\t\t<\/div>\n\t\t\t\t<\/div>\n\t\t            <\/div>\r\n        <\/div>\r\n                <div class=\"elementor-column elementor-col-33 elementor-top-column elementor-element elementor-element-6486e38 pxl-section-offset-none pxl-column-none\" data-id=\"6486e38\" data-element_type=\"column\">\r\n        <div class=\"elementor-widget-wrap elementor-element-populated\">\r\n                     \r\n        \t\t<div class=\"elementor-element elementor-element-87cd676 elementor-widget elementor-widget-pxl_image\" data-id=\"87cd676\" data-element_type=\"widget\" data-widget_type=\"pxl_image.default\">\n\t\t\t\t<div class=\"elementor-widget-container\">\n\t\t\t\t\t<div class=\"pxl-image-single pxl-image-single1 pxl-image-scroller\" data-wow-delay=\"ms\" data-wow-duration=\"1.2s\">\r\n    \r\n            <div class=\"pxl-item--image\">\r\n                        <img decoding=\"async\" width=\"822\" height=\"622\" src=\"https:\/\/terapiafotograficzna.com\/wp-content\/uploads\/2024\/05\/team-single1.webp\" class=\"no-lazyload attachment-full\" alt=\"\" loading=\"eager\" \/>                    <\/div>\r\n        <\/div>\t\t\t\t<\/div>\n\t\t\t\t<\/div>\n\t\t            <\/div>\r\n        <\/div>\r\n                <div class=\"elementor-column elementor-col-33 elementor-top-column elementor-element elementor-element-f5c8430 pxl-section-offset-none pxl-column-none\" data-id=\"f5c8430\" data-element_type=\"column\">\r\n        <div class=\"elementor-widget-wrap elementor-element-populated\">\r\n                     \r\n        \t\t<div class=\"elementor-element elementor-element-8f5081e elementor-widget elementor-widget-pxl_image\" data-id=\"8f5081e\" data-element_type=\"widget\" data-widget_type=\"pxl_image.default\">\n\t\t\t\t<div class=\"elementor-widget-container\">\n\t\t\t\t\t<div class=\"pxl-image-single pxl-image-single1 pxl-image-scroller\" data-wow-delay=\"ms\" data-wow-duration=\"1.2s\">\r\n    \r\n            <div class=\"pxl-item--image\">\r\n                        <img decoding=\"async\" width=\"822\" height=\"622\" src=\"https:\/\/terapiafotograficzna.com\/wp-content\/uploads\/2024\/05\/team-single2.webp\" class=\"no-lazyload attachment-full\" alt=\"\" loading=\"eager\" \/>                    <\/div>\r\n        <\/div>\t\t\t\t<\/div>\n\t\t\t\t<\/div>\n\t\t            <\/div>\r\n        <\/div>\r\n        \t\t\t<\/div>\n\t\t<\/section>\n\t\t        <section class=\"elementor-section elementor-top-section elementor-element elementor-element-21321b3 elementor-section-stretched elementor-section-boxed elementor-section-height-default elementor-section-height-default pxl-row-scroll-none pxl-column-overflow-gradient-top-no pxl-column-overflow-gradient-bottom-no pxl-section-bg-none\" data-id=\"21321b3\" data-element_type=\"section\" data-settings=\"{&quot;stretch_section&quot;:&quot;section-stretched&quot;}\">\n\n                \n                <div class=\"elementor-container elementor-column-gap-extended\">\n                <div class=\"elementor-column elementor-col-33 elementor-top-column elementor-element elementor-element-8130137 pxl-section-offset-none pxl-column-none\" data-id=\"8130137\" data-element_type=\"column\">\r\n        <div class=\"elementor-widget-wrap elementor-element-populated\">\r\n                     \r\n        \t\t<div class=\"elementor-element elementor-element-d307c80 elementor-widget elementor-widget-pxl_image\" data-id=\"d307c80\" data-element_type=\"widget\" data-widget_type=\"pxl_image.default\">\n\t\t\t\t<div class=\"elementor-widget-container\">\n\t\t\t\t\t<div class=\"pxl-image-single pxl-image-single1 pxl-image-scroller\" data-wow-delay=\"ms\" data-wow-duration=\"1.2s\">\r\n    \r\n            <div class=\"pxl-item--image\">\r\n                        <img decoding=\"async\" width=\"822\" height=\"622\" src=\"https:\/\/terapiafotograficzna.com\/wp-content\/uploads\/2024\/05\/team-single3.webp\" class=\"no-lazyload attachment-full\" alt=\"\" loading=\"eager\" \/>                    <\/div>\r\n        <\/div>\t\t\t\t<\/div>\n\t\t\t\t<\/div>\n\t\t            <\/div>\r\n        <\/div>\r\n                <div class=\"elementor-column elementor-col-33 elementor-top-column elementor-element elementor-element-d1c89ac pxl-section-offset-none pxl-column-none\" data-id=\"d1c89ac\" data-element_type=\"column\">\r\n        <div class=\"elementor-widget-wrap elementor-element-populated\">\r\n                     \r\n        \t\t<div class=\"elementor-element elementor-element-03f0b88 elementor-widget elementor-widget-pxl_image\" data-id=\"03f0b88\" data-element_type=\"widget\" data-widget_type=\"pxl_image.default\">\n\t\t\t\t<div class=\"elementor-widget-container\">\n\t\t\t\t\t<div class=\"pxl-image-single pxl-image-single1 pxl-image-scroller\" data-wow-delay=\"ms\" data-wow-duration=\"1.2s\">\r\n    \r\n            <div class=\"pxl-item--image\">\r\n                        <img decoding=\"async\" width=\"822\" height=\"622\" src=\"https:\/\/terapiafotograficzna.com\/wp-content\/uploads\/2024\/05\/team-single4.webp\" class=\"no-lazyload attachment-full\" alt=\"\" loading=\"eager\" \/>                    <\/div>\r\n        <\/div>\t\t\t\t<\/div>\n\t\t\t\t<\/div>\n\t\t            <\/div>\r\n        <\/div>\r\n                <div class=\"elementor-column elementor-col-33 elementor-top-column elementor-element elementor-element-296e21f pxl-section-offset-none pxl-column-none\" data-id=\"296e21f\" data-element_type=\"column\">\r\n        <div class=\"elementor-widget-wrap elementor-element-populated\">\r\n                     \r\n        \t\t<div class=\"elementor-element elementor-element-f83217a elementor-widget elementor-widget-pxl_image\" data-id=\"f83217a\" data-element_type=\"widget\" data-widget_type=\"pxl_image.default\">\n\t\t\t\t<div class=\"elementor-widget-container\">\n\t\t\t\t\t<div class=\"pxl-image-single pxl-image-single1 pxl-image-scroller\" data-wow-delay=\"ms\" data-wow-duration=\"1.2s\">\r\n    \r\n            <div class=\"pxl-item--image\">\r\n                        <img decoding=\"async\" width=\"822\" height=\"622\" src=\"https:\/\/terapiafotograficzna.com\/wp-content\/uploads\/2024\/05\/team-single5.webp\" class=\"no-lazyload attachment-full\" alt=\"\" loading=\"eager\" \/>                    <\/div>\r\n        <\/div>\t\t\t\t<\/div>\n\t\t\t\t<\/div>\n\t\t            <\/div>\r\n        <\/div>\r\n        \t\t\t<\/div>\n\t\t<\/section>\n\t\t\t\t<\/div>","protected":false},"excerpt":{"rendered":"<p>Angelika O\u017aminkowska PHOTOGRAPHER Angelika is more than just a photographer behind the lens\u2014she\u2019s a storyteller and a true source of inspiration. After graduating from Collegium Da Vinci in Pozna\u0144, she turned her passion for photography into a mission: to help people rediscover themselves, boost their confidence, and see their unique beauty through her camera. With [&hellip;]<\/p>","protected":false},"author":1,"featured_media":0,"parent":0,"menu_order":0,"comment_status":"closed","ping_status":"closed","template":"","meta":{"_vp_format_video_url":"","_vp_image_focal_point":[],"footnotes":""},"class_list":["post-2395","page","type-page","status-publish","hentry"],"_links":{"self":[{"href":"https:\/\/terapiafotograficzna.com\/tr\/wp-json\/wp\/v2\/pages\/2395","targetHints":{"allow":["GET"]}}],"collection":[{"href":"https:\/\/terapiafotograficzna.com\/tr\/wp-json\/wp\/v2\/pages"}],"about":[{"href":"https:\/\/terapiafotograficzna.com\/tr\/wp-json\/wp\/v2\/types\/page"}],"author":[{"embeddable":true,"href":"https:\/\/terapiafotograficzna.com\/tr\/wp-json\/wp\/v2\/users\/1"}],"replies":[{"embeddable":true,"href":"https:\/\/terapiafotograficzna.com\/tr\/wp-json\/wp\/v2\/comments?post=2395"}],"version-history":[{"count":13,"href":"https:\/\/terapiafotograficzna.com\/tr\/wp-json\/wp\/v2\/pages\/2395\/revisions"}],"predecessor-version":[{"id":14330,"href":"https:\/\/terapiafotograficzna.com\/tr\/wp-json\/wp\/v2\/pages\/2395\/revisions\/14330"}],"wp:attachment":[{"href":"https:\/\/terapiafotograficzna.com\/tr\/wp-json\/wp\/v2\/media?parent=2395"}],"curies":[{"name":"wp","href":"https:\/\/api.w.org\/{rel}","templated":true}]}}